{"id":2,"date":"2014-01-11T10:56:22","date_gmt":"2014-01-11T10:56:22","guid":{"rendered":"http:\/\/vox-populi.info\/?page_id=2"},"modified":"2018-05-13T20:04:40","modified_gmt":"2018-05-13T18:04:40","slug":"sample-page","status":"publish","type":"page","link":"https:\/\/vox-populi.info\/?page_id=2","title":{"rendered":"\u00dcber den Autor"},"content":{"rendered":"<p style=\"text-align: left; padding-left: 60px;\"><a href=\"https:\/\/vox-populi.info\/wp-content\/uploads\/2018\/05\/Stephan-2018-Portr\u00e4t.jpg\"><img loading=\"lazy\" decoding=\"async\" class=\"alignleft wp-image-332 size-medium\" src=\"https:\/\/vox-populi.info\/wp-content\/uploads\/2018\/05\/Stephan-2018-Portr\u00e4t-300x300.jpg\" alt=\"\" width=\"300\" height=\"300\" srcset=\"https:\/\/vox-populi.info\/wp-content\/uploads\/2018\/05\/Stephan-2018-Portr\u00e4t-300x300.jpg 300w, https:\/\/vox-populi.info\/wp-content\/uploads\/2018\/05\/Stephan-2018-Portr\u00e4t-150x150.jpg 150w, https:\/\/vox-populi.info\/wp-content\/uploads\/2018\/05\/Stephan-2018-Portr\u00e4t-768x767.jpg 768w, https:\/\/vox-populi.info\/wp-content\/uploads\/2018\/05\/Stephan-2018-Portr\u00e4t-1024x1024.jpg 1024w, https:\/\/vox-populi.info\/wp-content\/uploads\/2018\/05\/Stephan-2018-Portr\u00e4t-690x690.jpg 690w, https:\/\/vox-populi.info\/wp-content\/uploads\/2018\/05\/Stephan-2018-Portr\u00e4t-980x979.jpg 980w\" sizes=\"auto, (max-width: 300px) 100vw, 300px\" \/><\/a>Hallo,<\/p>\n<p style=\"text-align: left;\">mein Name ist Stephan Lorz (50). Ich wohne in Aschaffenburg\/Bayern und bin seit dem Jahr 2000 Redakteur bei der &#8222;B\u00f6rsen-Zeitung&#8220; in Frankfurt; bis Ende 2017 als Ressortleiter f\u00fcr Wirtschafts- und Geldpolitik sowie Konjunktur, seither als Leiter des Newsroom f\u00fcr Print und Digital. Zuvor hatte ich bei der Regionalzeitung &#8222;Fr\u00e4nkischer Tag&#8220; volontiert und wechselte dann von Bamberg nach Bonn als Redakteur zur Wochenzeitung &#8222;Rheinischer Merkur&#8220;, wo ich zuletzt die Leitung der Wirtschaftsredaktion \u00fcbernommen hatte. Nebenher betreute ich eine regelm\u00e4\u00dfige &#8222;Computerseite&#8220;, die ich mit fremden sowie eigenen Texten &#8222;best\u00fcckte&#8220;. Da ich diese Themen in meiner aktuellen Funktion in Frankfurt nicht mehr publizistisch begleite, mich die Themenfelder rund um Computer, Internet und Technik aber weiter brennend interessieren, habe ich mir \u00fcberlegt, das in einem eigenen &#8222;Mischblog&#8220; zu tun. Mal sehen, ob ich nebenher genug Zeit finde, diesen Blog auch mit Leben zu erf\u00fcllen.<\/p>\n<p style=\"text-align: left; padding-left: 60px;\">Viele Gr\u00fc\u00dfe<br \/>\nStephan Lorz<\/p>\n","protected":false},"excerpt":{"rendered":"<p>Hallo, mein Name ist Stephan Lorz (50). Ich wohne in Aschaffenburg\/Bayern und bin seit dem Jahr 2000 Redakteur bei der &#8222;B\u00f6rsen-Zeitung&#8220; in Frankfurt; bis Ende 2017 als Ressortleiter f\u00fcr Wirtschafts- und Geldpolitik sowie Konjunktur, seither als Leiter des Newsroom f\u00fcr Print und Digital. Zuvor hatte ich bei der Regionalzeitung &#8222;Fr\u00e4nkischer Tag&#8220; volontiert und wechselte dann [&hellip;]<\/p>\n","protected":false},"author":1,"featured_media":6,"parent":0,"menu_order":0,"comment_status":"open","ping_status":"open","template":"","meta":{"_monsterinsights_skip_tracking":false,"_monsterinsights_sitenote_active":false,"_monsterinsights_sitenote_note":"","_monsterinsights_sitenote_category":0,"jetpack_post_was_ever_published":false,"footnotes":""},"class_list":["post-2","page","type-page","status-publish","has-post-thumbnail","hentry"],"aioseo_notices":[],"jetpack_shortlink":"https:\/\/wp.me\/P4f6gB-2","jetpack_sharing_enabled":true,"_links":{"self":[{"href":"https:\/\/vox-populi.info\/index.php?rest_route=\/wp\/v2\/pages\/2","targetHints":{"allow":["GET"]}}],"collection":[{"href":"https:\/\/vox-populi.info\/index.php?rest_route=\/wp\/v2\/pages"}],"about":[{"href":"https:\/\/vox-populi.info\/index.php?rest_route=\/wp\/v2\/types\/page"}],"author":[{"embeddable":true,"href":"https:\/\/vox-populi.info\/index.php?rest_route=\/wp\/v2\/users\/1"}],"replies":[{"embeddable":true,"href":"https:\/\/vox-populi.info\/index.php?rest_route=%2Fwp%2Fv2%2Fcomments&post=2"}],"version-history":[{"count":5,"href":"https:\/\/vox-populi.info\/index.php?rest_route=\/wp\/v2\/pages\/2\/revisions"}],"predecessor-version":[{"id":335,"href":"https:\/\/vox-populi.info\/index.php?rest_route=\/wp\/v2\/pages\/2\/revisions\/335"}],"wp:featuredmedia":[{"embeddable":true,"href":"https:\/\/vox-populi.info\/index.php?rest_route=\/wp\/v2\/media\/6"}],"wp:attachment":[{"href":"https:\/\/vox-populi.info\/index.php?rest_route=%2Fwp%2Fv2%2Fmedia&parent=2"}],"curies":[{"name":"wp","href":"https:\/\/api.w.org\/{rel}","templated":true}]}}